{"id":148,"date":"2019-08-12T17:29:19","date_gmt":"2019-08-12T20:29:19","guid":{"rendered":"http:\/\/www.despachantelaverde.com.br\/?page_id=148"},"modified":"2026-01-29T10:55:25","modified_gmt":"2026-01-29T13:55:25","slug":"o-que-faz-um-despachante","status":"publish","type":"page","link":"https:\/\/www.despachantelaverde.com.br\/?page_id=148","title":{"rendered":"O que faz um despachante?"},"content":{"rendered":"<p>Caso seja essa a sua primeira vez procurando por um servi\u00e7o de despachante, vale a pena esclarecer sobre o que fazemos. Principalmente por existir alguns tipos de despachantes que pode confundir em sua busca.<\/p>\n<p><strong>O que \u00e9 um despachante?<\/strong><\/p>\n<p>Em um sentido geral, o despachante \u00e9 um servi\u00e7o que visa te ajudar com tr\u00e2mites burocr\u00e1ticos juntamente com \u00f3rg\u00e3os p\u00fablicos. No Brasil existem diversos tipos de despachante, como o despachante de tr\u00e2nsito, especializado em documenta\u00e7\u00e3o de ve\u00edculos.<\/p>\n<p><strong>Somos um servi\u00e7o de despachante<\/strong><\/p>\n<p>Os despachante especializados em documenta\u00e7\u00e3o de ve\u00edculos junto aos \u00d3rg\u00e3os Estaduais de Tr\u00e2nsito (Detran&#8217;s), denominados Despachante de Tr\u00e2nsito que, segundo a descri\u00e7\u00e3o da Classifica\u00e7\u00e3o Brasileira de Ocupa\u00e7\u00f5es (CBO) n\u00ba 4231-10 (despachante de tr\u00e2nsito)[3]:<\/p>\n<p>&#8211; representam o cliente junto a \u00f3rg\u00e3os e entidades competentes;<\/p>\n<p>&#8211; solicitam a emiss\u00e3o de documentos de pessoas f\u00edsicas e jur\u00eddicas, de bens m\u00f3veis e im\u00f3veis, alvar\u00e1s, licen\u00e7as e laudos diversos; efetuam inscri\u00e7\u00f5es, altera\u00e7\u00f5es e baixas em registros e cadastros;<\/p>\n<p>&#8211; gerenciam servi\u00e7os e atividades dos clientes; organizam arquivos de dados e monitoram datas de vencimento de documentos; regularizam d\u00e9bitos e cr\u00e9ditos, apuram e pagam impostos, taxas e emolumentos;<\/p>\n<p>&#8211; requerem isen\u00e7\u00f5es, cancelamentos, parcelamentos e suspens\u00f5es de pagamentos de d\u00e9bitos, a devolu\u00e7\u00e3o de ind\u00e9bitos e o recebimento de indeniza\u00e7\u00f5es, seguros, pec\u00falios e pens\u00f5es.<\/p>\n<p>Em alguns estados do Brasil, o despachante especialista em tr\u00e2nsito, possui a atividade controlada pelos Departamentos Estaduais de Tr\u00e2nsito (Detran&#8217;s) e emite documentos, monta processos, recolhe taxas e impostos, realiza vistoria veicular e lacra placas veiculares, ou seja, realiza um servi\u00e7o completo para os cidad\u00e3os.<\/p>\n","protected":false},"excerpt":{"rendered":"<p>Caso seja essa a sua primeira vez procurando por um servi\u00e7o de despachante, vale a pena esclarecer sobre o que fazemos. Principalmente por existir alguns tipos de despachantes que pode confundir em sua busca. O que \u00e9 um despachante? Em um sentido geral, o despachante \u00e9 um servi\u00e7o que visa te ajudar com tr\u00e2mites burocr\u00e1ticos [&hellip;]<\/p>\n","protected":false},"author":1,"featured_media":0,"parent":0,"menu_order":0,"comment_status":"closed","ping_status":"closed","template":"","meta":{"footnotes":""},"class_list":["post-148","page","type-page","status-publish","hentry"],"_links":{"self":[{"href":"https:\/\/www.despachantelaverde.com.br\/index.php?rest_route=\/wp\/v2\/pages\/148","targetHints":{"allow":["GET"]}}],"collection":[{"href":"https:\/\/www.despachantelaverde.com.br\/index.php?rest_route=\/wp\/v2\/pages"}],"about":[{"href":"https:\/\/www.despachantelaverde.com.br\/index.php?rest_route=\/wp\/v2\/types\/page"}],"author":[{"embeddable":true,"href":"https:\/\/www.despachantelaverde.com.br\/index.php?rest_route=\/wp\/v2\/users\/1"}],"replies":[{"embeddable":true,"href":"https:\/\/www.despachantelaverde.com.br\/index.php?rest_route=%2Fwp%2Fv2%2Fcomments&post=148"}],"version-history":[{"count":1,"href":"https:\/\/www.despachantelaverde.com.br\/index.php?rest_route=\/wp\/v2\/pages\/148\/revisions"}],"predecessor-version":[{"id":149,"href":"https:\/\/www.despachantelaverde.com.br\/index.php?rest_route=\/wp\/v2\/pages\/148\/revisions\/149"}],"wp:attachment":[{"href":"https:\/\/www.despachantelaverde.com.br\/index.php?rest_route=%2Fwp%2Fv2%2Fmedia&parent=148"}],"curies":[{"name":"wp","href":"https:\/\/api.w.org\/{rel}","templated":true}]}}